{"id":95,"date":"2023-10-27T20:31:08","date_gmt":"2023-10-27T20:31:08","guid":{"rendered":"https:\/\/labestad.reduaz.mx\/maestriaai\/?page_id=95"},"modified":"2023-10-30T18:20:44","modified_gmt":"2023-10-30T18:20:44","slug":"titulo-otorgado","status":"publish","type":"page","link":"https:\/\/labestad.reduaz.mx\/maestriaai\/?page_id=95","title":{"rendered":"Perfiles \/ T\u00edtulo"},"content":{"rendered":"\n<h2 class=\"wp-block-heading has-text-align-center\">Perfil de ingreso<\/h2>\n\n\n\n<p class=\"has-text-align-center\">Profesionistas preferentemente egresados de alguna disciplina con formaci\u00f3n matem\u00e1tica (Matem\u00e1ticas, Actuaria, Ingenier\u00edas, F\u00edsica y carreras afines) que tengan inter\u00e9s en modelar y analizar datos mediante t\u00e9cnicas matem\u00e1ticas y estad\u00edsticas, dispuestos al trabajo multidisciplinario y dedicaci\u00f3n de tiempo completo.<\/p>\n\n\n\n<h2 class=\"wp-block-heading has-text-align-center\">Perfil de egreso<\/h2>\n\n\n\n<p class=\"has-text-align-center\">Un profesional reflexivo, \u00e9tica y socialmente responsable, de aptitud emprendedora, con habilidad de aprendizaje aut\u00f3nomo permanente y capacidad de proponer soluciones que incidan en la toma de decisiones, bas\u00e1ndose en la detecci\u00f3n de problem\u00e1ticas, an\u00e1lisis y modelizaci\u00f3n de datos e interpretaci\u00f3n de resultados a trav\u00e9s de t\u00e9cnicas matem\u00e1ticas y estad\u00edsticas, vinculando el conocimiento y la tecnolog\u00eda<\/p>\n\n\n\n<h2 class=\"wp-block-heading\">T\u00edtulo otorgado<\/h2>\n\n\n\n<p><strong>Maestro en An\u00e1lisis de Informaci\u00f3n<\/strong> con orientaci\u00f3n en modelos estad\u00edsticos<br><strong>Maestro en An\u00e1lisis de Informaci\u00f3n<\/strong> con orientaci\u00f3n en modelos matem\u00e1ticos<\/p>\n","protected":false},"excerpt":{"rendered":"<p>Perfil de ingreso Profesionistas preferentemente egresados de alguna disciplina con formaci\u00f3n matem\u00e1tica (Matem\u00e1ticas, Actuaria, Ingenier\u00edas, F\u00edsica y carreras afines) que tengan inter\u00e9s en modelar y analizar datos mediante t\u00e9cnicas matem\u00e1ticas y estad\u00edsticas, dispuestos al trabajo multidisciplinario y dedicaci\u00f3n de tiempo &hellip; <a href=\"https:\/\/labestad.reduaz.mx\/maestriaai\/?page_id=95\">Continued<\/a><\/p>\n","protected":false},"author":1,"featured_media":0,"parent":0,"menu_order":0,"comment_status":"closed","ping_status":"closed","template":"","meta":{"kt_blocks_editor_width":"","footnotes":""},"class_list":["post-95","page","type-page","status-publish","hentry"],"_links":{"self":[{"href":"https:\/\/labestad.reduaz.mx\/maestriaai\/index.php?rest_route=\/wp\/v2\/pages\/95","targetHints":{"allow":["GET"]}}],"collection":[{"href":"https:\/\/labestad.reduaz.mx\/maestriaai\/index.php?rest_route=\/wp\/v2\/pages"}],"about":[{"href":"https:\/\/labestad.reduaz.mx\/maestriaai\/index.php?rest_route=\/wp\/v2\/types\/page"}],"author":[{"embeddable":true,"href":"https:\/\/labestad.reduaz.mx\/maestriaai\/index.php?rest_route=\/wp\/v2\/users\/1"}],"replies":[{"embeddable":true,"href":"https:\/\/labestad.reduaz.mx\/maestriaai\/index.php?rest_route=%2Fwp%2Fv2%2Fcomments&post=95"}],"version-history":[{"count":6,"href":"https:\/\/labestad.reduaz.mx\/maestriaai\/index.php?rest_route=\/wp\/v2\/pages\/95\/revisions"}],"predecessor-version":[{"id":125,"href":"https:\/\/labestad.reduaz.mx\/maestriaai\/index.php?rest_route=\/wp\/v2\/pages\/95\/revisions\/125"}],"wp:attachment":[{"href":"https:\/\/labestad.reduaz.mx\/maestriaai\/index.php?rest_route=%2Fwp%2Fv2%2Fmedia&parent=95"}],"curies":[{"name":"wp","href":"https:\/\/api.w.org\/{rel}","templated":true}]}}