{"id":92,"date":"2023-10-27T20:30:45","date_gmt":"2023-10-27T20:30:45","guid":{"rendered":"https:\/\/labestad.reduaz.mx\/maestriaai\/?page_id=92"},"modified":"2023-10-30T18:14:54","modified_gmt":"2023-10-30T18:14:54","slug":"objetivos","status":"publish","type":"page","link":"https:\/\/labestad.reduaz.mx\/maestriaai\/?page_id=92","title":{"rendered":"Objetivos"},"content":{"rendered":"\n<h2 class=\"wp-block-heading has-text-align-center\">Objetivo General<\/h2>\n\n\n\n<p class=\"has-text-align-center\">Formar profesionales en matem\u00e1ticas y estad\u00edstica capaces de aplicarlas en el an\u00e1lisis de informaci\u00f3n y generaci\u00f3n de estrategias con base en la identificaci\u00f3n de \u00e1reas de mejora de procesos operativos de organizaciones p\u00fablicas y de la iniciativa privada<\/p>\n","protected":false},"excerpt":{"rendered":"<p>Objetivo General Formar profesionales en matem\u00e1ticas y estad\u00edstica capaces de aplicarlas en el an\u00e1lisis de informaci\u00f3n y generaci\u00f3n de estrategias con base en la identificaci\u00f3n de \u00e1reas de mejora de procesos operativos de organizaciones p\u00fablicas y de la iniciativa privada<\/p>\n","protected":false},"author":1,"featured_media":0,"parent":0,"menu_order":0,"comment_status":"closed","ping_status":"closed","template":"","meta":{"kt_blocks_editor_width":"","footnotes":""},"class_list":["post-92","page","type-page","status-publish","hentry"],"_links":{"self":[{"href":"https:\/\/labestad.reduaz.mx\/maestriaai\/index.php?rest_route=\/wp\/v2\/pages\/92","targetHints":{"allow":["GET"]}}],"collection":[{"href":"https:\/\/labestad.reduaz.mx\/maestriaai\/index.php?rest_route=\/wp\/v2\/pages"}],"about":[{"href":"https:\/\/labestad.reduaz.mx\/maestriaai\/index.php?rest_route=\/wp\/v2\/types\/page"}],"author":[{"embeddable":true,"href":"https:\/\/labestad.reduaz.mx\/maestriaai\/index.php?rest_route=\/wp\/v2\/users\/1"}],"replies":[{"embeddable":true,"href":"https:\/\/labestad.reduaz.mx\/maestriaai\/index.php?rest_route=%2Fwp%2Fv2%2Fcomments&post=92"}],"version-history":[{"count":3,"href":"https:\/\/labestad.reduaz.mx\/maestriaai\/index.php?rest_route=\/wp\/v2\/pages\/92\/revisions"}],"predecessor-version":[{"id":118,"href":"https:\/\/labestad.reduaz.mx\/maestriaai\/index.php?rest_route=\/wp\/v2\/pages\/92\/revisions\/118"}],"wp:attachment":[{"href":"https:\/\/labestad.reduaz.mx\/maestriaai\/index.php?rest_route=%2Fwp%2Fv2%2Fmedia&parent=92"}],"curies":[{"name":"wp","href":"https:\/\/api.w.org\/{rel}","templated":true}]}}