{"id":89,"date":"2023-10-27T20:29:46","date_gmt":"2023-10-27T20:29:46","guid":{"rendered":"https:\/\/labestad.reduaz.mx\/maestriaai\/?page_id=89"},"modified":"2023-10-30T18:13:34","modified_gmt":"2023-10-30T18:13:34","slug":"mision-y-vision","status":"publish","type":"page","link":"https:\/\/labestad.reduaz.mx\/maestriaai\/?page_id=89","title":{"rendered":"Misi\u00f3n y Visi\u00f3n"},"content":{"rendered":"\n<h2 class=\"wp-block-heading has-text-align-center\">Misi\u00f3n<\/h2>\n\n\n\n<p class=\"has-text-align-center\">La Maestr\u00eda en An\u00e1lisis de Informaci\u00f3n tiene como misi\u00f3n contribuir al desarrollo profesional mediante la formaci\u00f3n de recursos humanos de calidad, con amplio sentido \u00e9tico, capaces de analizar y modelar datos mediante la aplicaci\u00f3n de t\u00e9cnicas matem\u00e1ticas y estad\u00edsticas con enfoques multidisciplinarios, coadyuvando con ello en la toma de decisiones en los sectores p\u00fablico y privado, en los \u00e1mbitos local y regional.<\/p>\n\n\n\n<h2 class=\"wp-block-heading has-text-align-center\">Visi\u00f3n<\/h2>\n\n\n\n<p class=\"has-text-align-center\">La Maestr\u00eda en An\u00e1lisis de Informaci\u00f3n ser\u00e1 un programa educativo pertinentemente social, reconocido por los organismos evaluadores como un programa de calidad, que cuente con una fuerte vinculaci\u00f3n con los sectores p\u00fablico y privado y una planta docente con excelentes niveles acad\u00e9mico y de servicio.<\/p>\n","protected":false},"excerpt":{"rendered":"<p>Misi\u00f3n La Maestr\u00eda en An\u00e1lisis de Informaci\u00f3n tiene como misi\u00f3n contribuir al desarrollo profesional mediante la formaci\u00f3n de recursos humanos de calidad, con amplio sentido \u00e9tico, capaces de analizar y modelar datos mediante la aplicaci\u00f3n de t\u00e9cnicas matem\u00e1ticas y estad\u00edsticas &hellip; <a href=\"https:\/\/labestad.reduaz.mx\/maestriaai\/?page_id=89\">Continued<\/a><\/p>\n","protected":false},"author":1,"featured_media":0,"parent":0,"menu_order":0,"comment_status":"closed","ping_status":"closed","template":"","meta":{"kt_blocks_editor_width":"","footnotes":""},"class_list":["post-89","page","type-page","status-publish","hentry"],"_links":{"self":[{"href":"https:\/\/labestad.reduaz.mx\/maestriaai\/index.php?rest_route=\/wp\/v2\/pages\/89","targetHints":{"allow":["GET"]}}],"collection":[{"href":"https:\/\/labestad.reduaz.mx\/maestriaai\/index.php?rest_route=\/wp\/v2\/pages"}],"about":[{"href":"https:\/\/labestad.reduaz.mx\/maestriaai\/index.php?rest_route=\/wp\/v2\/types\/page"}],"author":[{"embeddable":true,"href":"https:\/\/labestad.reduaz.mx\/maestriaai\/index.php?rest_route=\/wp\/v2\/users\/1"}],"replies":[{"embeddable":true,"href":"https:\/\/labestad.reduaz.mx\/maestriaai\/index.php?rest_route=%2Fwp%2Fv2%2Fcomments&post=89"}],"version-history":[{"count":3,"href":"https:\/\/labestad.reduaz.mx\/maestriaai\/index.php?rest_route=\/wp\/v2\/pages\/89\/revisions"}],"predecessor-version":[{"id":116,"href":"https:\/\/labestad.reduaz.mx\/maestriaai\/index.php?rest_route=\/wp\/v2\/pages\/89\/revisions\/116"}],"wp:attachment":[{"href":"https:\/\/labestad.reduaz.mx\/maestriaai\/index.php?rest_route=%2Fwp%2Fv2%2Fmedia&parent=89"}],"curies":[{"name":"wp","href":"https:\/\/api.w.org\/{rel}","templated":true}]}}