{"id":36,"date":"2023-10-27T18:57:25","date_gmt":"2023-10-27T18:57:25","guid":{"rendered":"https:\/\/labestad.reduaz.mx\/maestriaai\/?page_id=36"},"modified":"2023-10-30T19:28:07","modified_gmt":"2023-10-30T19:28:07","slug":"tutorias","status":"publish","type":"page","link":"https:\/\/labestad.reduaz.mx\/maestriaai\/?page_id=36","title":{"rendered":"Tutor\u00edas"},"content":{"rendered":"\n<p>Las tutor\u00edas tienen como prop\u00f3sito principal facilitar la trayectoria de los estudiantes a trav\u00e9s de la Universidad y llevarlos a concluir su carrera de manera exitosa.<\/p>\n\n\n\n<p>La tutor\u00eda acad\u00e9mica se define como acciones de car\u00e1cter acad\u00e9mico y personal que apoyen la formaci\u00f3n integral de los estudiantes y la orientaci\u00f3n en la soluci\u00f3n de problemas acad\u00e9micos y personales para mejorar su desempe\u00f1o acad\u00e9mico.<\/p>\n\n\n\n<p>El objetivo por parte del profesor (Tutor), es ayudar al alumno a su adaptaci\u00f3n al ambiente universitario y al logro de los objetivos acad\u00e9micos que le permitir\u00e1n enfrentar los compromisos de su futura pr\u00e1ctica profesional.<\/p>\n","protected":false},"excerpt":{"rendered":"<p>Las tutor\u00edas tienen como prop\u00f3sito principal facilitar la trayectoria de los estudiantes a trav\u00e9s de la Universidad y llevarlos a concluir su carrera de manera exitosa. La tutor\u00eda acad\u00e9mica se define como acciones de car\u00e1cter acad\u00e9mico y personal que apoyen &hellip; <a href=\"https:\/\/labestad.reduaz.mx\/maestriaai\/?page_id=36\">Continued<\/a><\/p>\n","protected":false},"author":1,"featured_media":0,"parent":0,"menu_order":0,"comment_status":"closed","ping_status":"closed","template":"","meta":{"kt_blocks_editor_width":"","footnotes":""},"class_list":["post-36","page","type-page","status-publish","hentry"],"_links":{"self":[{"href":"https:\/\/labestad.reduaz.mx\/maestriaai\/index.php?rest_route=\/wp\/v2\/pages\/36","targetHints":{"allow":["GET"]}}],"collection":[{"href":"https:\/\/labestad.reduaz.mx\/maestriaai\/index.php?rest_route=\/wp\/v2\/pages"}],"about":[{"href":"https:\/\/labestad.reduaz.mx\/maestriaai\/index.php?rest_route=\/wp\/v2\/types\/page"}],"author":[{"embeddable":true,"href":"https:\/\/labestad.reduaz.mx\/maestriaai\/index.php?rest_route=\/wp\/v2\/users\/1"}],"replies":[{"embeddable":true,"href":"https:\/\/labestad.reduaz.mx\/maestriaai\/index.php?rest_route=%2Fwp%2Fv2%2Fcomments&post=36"}],"version-history":[{"count":2,"href":"https:\/\/labestad.reduaz.mx\/maestriaai\/index.php?rest_route=\/wp\/v2\/pages\/36\/revisions"}],"predecessor-version":[{"id":159,"href":"https:\/\/labestad.reduaz.mx\/maestriaai\/index.php?rest_route=\/wp\/v2\/pages\/36\/revisions\/159"}],"wp:attachment":[{"href":"https:\/\/labestad.reduaz.mx\/maestriaai\/index.php?rest_route=%2Fwp%2Fv2%2Fmedia&parent=36"}],"curies":[{"name":"wp","href":"https:\/\/api.w.org\/{rel}","templated":true}]}}